{"id":8317,"date":"2016-09-05T10:56:21","date_gmt":"2016-09-05T10:56:21","guid":{"rendered":"https:\/\/arrow-adventures.com\/ueber-uns\/"},"modified":"2025-06-10T14:59:18","modified_gmt":"2025-06-10T14:59:18","slug":"ueber-uns","status":"publish","type":"page","link":"https:\/\/arrow-adventures.com\/de\/ueber-uns\/","title":{"rendered":"\u00dcber uns"},"content":{"rendered":"","protected":false},"excerpt":{"rendered":"","protected":false},"author":1,"featured_media":8160,"parent":0,"menu_order":0,"comment_status":"closed","ping_status":"closed","template":"","meta":{"om_disable_all_campaigns":false,"_monsterinsights_skip_tracking":false,"_monsterinsights_sitenote_active":false,"_monsterinsights_sitenote_note":"","_monsterinsights_sitenote_category":0,"_uf_show_specific_survey":0,"_uf_disable_surveys":false,"footnotes":""},"class_list":["post-8317","page","type-page","status-publish","has-post-thumbnail","hentry"],"yoast_head":"<!-- This site is optimized with the Yoast SEO plugin v27.4 - https:\/\/yoast.com\/product\/yoast-seo-wordpress\/ -->\n<title>\u00dcber Arrow Adventures Kenya Safari - Reiseb\u00fcro in Nairobi<\/title>\n<meta name=\"description\" content=\"\u00dcber Arrow Adventures Kenia: Wir sind Ihre vertrauensw\u00fcrdige Reiseagentur in Nairobi und haben eine Leidenschaft f\u00fcr unvergessliche Kenia-Safari-Abenteuer.\" \/>\n<meta name=\"robots\" content=\"index, follow, max-snippet:-1, max-image-preview:large, max-video-preview:-1\" \/>\n<link rel=\"canonical\" href=\"https:\/\/arrow-adventures.com\/de\/ueber-uns\/\" \/>\n<meta property=\"og:locale\" content=\"de_DE\" \/>\n<meta property=\"og:type\" content=\"article\" \/>\n<meta property=\"og:title\" content=\"\u00dcber Arrow Adventures Kenya Safari - Reiseb\u00fcro in Nairobi\" \/>\n<meta property=\"og:description\" content=\"\u00dcber Arrow Adventures Kenia: Wir sind Ihre vertrauensw\u00fcrdige Reiseagentur in Nairobi und haben eine Leidenschaft f\u00fcr unvergessliche Kenia-Safari-Abenteuer.\" \/>\n<meta property=\"og:url\" content=\"https:\/\/arrow-adventures.com\/de\/ueber-uns\/\" \/>\n<meta property=\"og:site_name\" content=\"Arrow Adventures Kenya\" \/>\n<meta property=\"article:publisher\" content=\"https:\/\/www.facebook.com\/arrowadventureske\" \/>\n<meta property=\"article:modified_time\" content=\"2025-06-10T14:59:18+00:00\" \/>\n<meta property=\"og:image\" content=\"https:\/\/arrow-adventures.com\/wp-content\/uploads\/2023\/12\/MG_0853.jpg\" \/>\n\t<meta property=\"og:image:width\" content=\"700\" \/>\n\t<meta property=\"og:image:height\" content=\"500\" \/>\n\t<meta property=\"og:image:type\" content=\"image\/jpeg\" \/>\n<meta name=\"twitter:card\" content=\"summary_large_image\" \/>\n<meta name=\"twitter:site\" content=\"@ArrowadventureK\" \/>\n<script type=\"application\/ld+json\" class=\"yoast-schema-graph\">{\"@context\":\"https:\\\/\\\/schema.org\",\"@graph\":[{\"@type\":\"WebPage\",\"@id\":\"https:\\\/\\\/arrow-adventures.com\\\/de\\\/ueber-uns\\\/\",\"url\":\"https:\\\/\\\/arrow-adventures.com\\\/de\\\/ueber-uns\\\/\",\"name\":\"\u00dcber Arrow Adventures Kenya Safari - Reiseb\u00fcro in Nairobi\",\"isPartOf\":{\"@id\":\"https:\\\/\\\/arrow-adventures.com\\\/de\\\/#website\"},\"primaryImageOfPage\":{\"@id\":\"https:\\\/\\\/arrow-adventures.com\\\/de\\\/ueber-uns\\\/#primaryimage\"},\"image\":{\"@id\":\"https:\\\/\\\/arrow-adventures.com\\\/de\\\/ueber-uns\\\/#primaryimage\"},\"thumbnailUrl\":\"https:\\\/\\\/arrow-adventures.com\\\/wp-content\\\/uploads\\\/2023\\\/12\\\/MG_0853.jpg\",\"datePublished\":\"2016-09-05T10:56:21+00:00\",\"dateModified\":\"2025-06-10T14:59:18+00:00\",\"description\":\"\u00dcber Arrow Adventures Kenia: Wir sind Ihre vertrauensw\u00fcrdige Reiseagentur in Nairobi und haben eine Leidenschaft f\u00fcr unvergessliche Kenia-Safari-Abenteuer.\",\"breadcrumb\":{\"@id\":\"https:\\\/\\\/arrow-adventures.com\\\/de\\\/ueber-uns\\\/#breadcrumb\"},\"inLanguage\":\"de\",\"potentialAction\":[{\"@type\":\"ReadAction\",\"target\":[\"https:\\\/\\\/arrow-adventures.com\\\/de\\\/ueber-uns\\\/\"]}]},{\"@type\":\"ImageObject\",\"inLanguage\":\"de\",\"@id\":\"https:\\\/\\\/arrow-adventures.com\\\/de\\\/ueber-uns\\\/#primaryimage\",\"url\":\"https:\\\/\\\/arrow-adventures.com\\\/wp-content\\\/uploads\\\/2023\\\/12\\\/MG_0853.jpg\",\"contentUrl\":\"https:\\\/\\\/arrow-adventures.com\\\/wp-content\\\/uploads\\\/2023\\\/12\\\/MG_0853.jpg\",\"width\":700,\"height\":500,\"caption\":\"\u00fcber-pfeil-abenteuer-kenia\"},{\"@type\":\"BreadcrumbList\",\"@id\":\"https:\\\/\\\/arrow-adventures.com\\\/de\\\/ueber-uns\\\/#breadcrumb\",\"itemListElement\":[{\"@type\":\"ListItem\",\"position\":1,\"name\":\"Home\",\"item\":\"https:\\\/\\\/arrow-adventures.com\\\/de\\\/\"},{\"@type\":\"ListItem\",\"position\":2,\"name\":\"\u00dcber uns\"}]},{\"@type\":\"WebSite\",\"@id\":\"https:\\\/\\\/arrow-adventures.com\\\/de\\\/#website\",\"url\":\"https:\\\/\\\/arrow-adventures.com\\\/de\\\/\",\"name\":\"Arrow Adventures Kenya\",\"description\":\"Kenya Adventure Tour Package\",\"publisher\":{\"@id\":\"https:\\\/\\\/arrow-adventures.com\\\/de\\\/#organization\"},\"potentialAction\":[{\"@type\":\"SearchAction\",\"target\":{\"@type\":\"EntryPoint\",\"urlTemplate\":\"https:\\\/\\\/arrow-adventures.com\\\/de\\\/?s={search_term_string}\"},\"query-input\":{\"@type\":\"PropertyValueSpecification\",\"valueRequired\":true,\"valueName\":\"search_term_string\"}}],\"inLanguage\":\"de\"},{\"@type\":\"Organization\",\"@id\":\"https:\\\/\\\/arrow-adventures.com\\\/de\\\/#organization\",\"name\":\"Pfeil-Abenteuer Kenia\",\"url\":\"https:\\\/\\\/arrow-adventures.com\\\/de\\\/\",\"logo\":{\"@type\":\"ImageObject\",\"inLanguage\":\"de\",\"@id\":\"https:\\\/\\\/arrow-adventures.com\\\/de\\\/#\\\/schema\\\/logo\\\/image\\\/\",\"url\":\"\",\"contentUrl\":\"\",\"caption\":\"Pfeil-Abenteuer Kenia\"},\"image\":{\"@id\":\"https:\\\/\\\/arrow-adventures.com\\\/de\\\/#\\\/schema\\\/logo\\\/image\\\/\"},\"sameAs\":[\"https:\\\/\\\/www.facebook.com\\\/arrowadventureske\",\"https:\\\/\\\/x.com\\\/ArrowadventureK\",\"https:\\\/\\\/www.instagram.com\\\/arrowadventures_ke\\\/\"]}]}<\/script>\n<!-- \/ Yoast SEO plugin. -->","yoast_head_json":{"title":"\u00dcber Arrow Adventures Kenya Safari - Reiseb\u00fcro in Nairobi","description":"\u00dcber Arrow Adventures Kenia: Wir sind Ihre vertrauensw\u00fcrdige Reiseagentur in Nairobi und haben eine Leidenschaft f\u00fcr unvergessliche Kenia-Safari-Abenteuer.","robots":{"index":"index","follow":"follow","max-snippet":"max-snippet:-1","max-image-preview":"max-image-preview:large","max-video-preview":"max-video-preview:-1"},"canonical":"https:\/\/arrow-adventures.com\/de\/ueber-uns\/","og_locale":"de_DE","og_type":"article","og_title":"\u00dcber Arrow Adventures Kenya Safari - Reiseb\u00fcro in Nairobi","og_description":"\u00dcber Arrow Adventures Kenia: Wir sind Ihre vertrauensw\u00fcrdige Reiseagentur in Nairobi und haben eine Leidenschaft f\u00fcr unvergessliche Kenia-Safari-Abenteuer.","og_url":"https:\/\/arrow-adventures.com\/de\/ueber-uns\/","og_site_name":"Arrow Adventures Kenya","article_publisher":"https:\/\/www.facebook.com\/arrowadventureske","article_modified_time":"2025-06-10T14:59:18+00:00","og_image":[{"width":700,"height":500,"url":"https:\/\/arrow-adventures.com\/wp-content\/uploads\/2023\/12\/MG_0853.jpg","type":"image\/jpeg"}],"twitter_card":"summary_large_image","twitter_site":"@ArrowadventureK","schema":{"@context":"https:\/\/schema.org","@graph":[{"@type":"WebPage","@id":"https:\/\/arrow-adventures.com\/de\/ueber-uns\/","url":"https:\/\/arrow-adventures.com\/de\/ueber-uns\/","name":"\u00dcber Arrow Adventures Kenya Safari - Reiseb\u00fcro in Nairobi","isPartOf":{"@id":"https:\/\/arrow-adventures.com\/de\/#website"},"primaryImageOfPage":{"@id":"https:\/\/arrow-adventures.com\/de\/ueber-uns\/#primaryimage"},"image":{"@id":"https:\/\/arrow-adventures.com\/de\/ueber-uns\/#primaryimage"},"thumbnailUrl":"https:\/\/arrow-adventures.com\/wp-content\/uploads\/2023\/12\/MG_0853.jpg","datePublished":"2016-09-05T10:56:21+00:00","dateModified":"2025-06-10T14:59:18+00:00","description":"\u00dcber Arrow Adventures Kenia: Wir sind Ihre vertrauensw\u00fcrdige Reiseagentur in Nairobi und haben eine Leidenschaft f\u00fcr unvergessliche Kenia-Safari-Abenteuer.","breadcrumb":{"@id":"https:\/\/arrow-adventures.com\/de\/ueber-uns\/#breadcrumb"},"inLanguage":"de","potentialAction":[{"@type":"ReadAction","target":["https:\/\/arrow-adventures.com\/de\/ueber-uns\/"]}]},{"@type":"ImageObject","inLanguage":"de","@id":"https:\/\/arrow-adventures.com\/de\/ueber-uns\/#primaryimage","url":"https:\/\/arrow-adventures.com\/wp-content\/uploads\/2023\/12\/MG_0853.jpg","contentUrl":"https:\/\/arrow-adventures.com\/wp-content\/uploads\/2023\/12\/MG_0853.jpg","width":700,"height":500,"caption":"\u00fcber-pfeil-abenteuer-kenia"},{"@type":"BreadcrumbList","@id":"https:\/\/arrow-adventures.com\/de\/ueber-uns\/#breadcrumb","itemListElement":[{"@type":"ListItem","position":1,"name":"Home","item":"https:\/\/arrow-adventures.com\/de\/"},{"@type":"ListItem","position":2,"name":"\u00dcber uns"}]},{"@type":"WebSite","@id":"https:\/\/arrow-adventures.com\/de\/#website","url":"https:\/\/arrow-adventures.com\/de\/","name":"Arrow Adventures Kenya","description":"Kenya Adventure Tour Package","publisher":{"@id":"https:\/\/arrow-adventures.com\/de\/#organization"},"potentialAction":[{"@type":"SearchAction","target":{"@type":"EntryPoint","urlTemplate":"https:\/\/arrow-adventures.com\/de\/?s={search_term_string}"},"query-input":{"@type":"PropertyValueSpecification","valueRequired":true,"valueName":"search_term_string"}}],"inLanguage":"de"},{"@type":"Organization","@id":"https:\/\/arrow-adventures.com\/de\/#organization","name":"Pfeil-Abenteuer Kenia","url":"https:\/\/arrow-adventures.com\/de\/","logo":{"@type":"ImageObject","inLanguage":"de","@id":"https:\/\/arrow-adventures.com\/de\/#\/schema\/logo\/image\/","url":"","contentUrl":"","caption":"Pfeil-Abenteuer Kenia"},"image":{"@id":"https:\/\/arrow-adventures.com\/de\/#\/schema\/logo\/image\/"},"sameAs":["https:\/\/www.facebook.com\/arrowadventureske","https:\/\/x.com\/ArrowadventureK","https:\/\/www.instagram.com\/arrowadventures_ke\/"]}]}},"_links":{"self":[{"href":"https:\/\/arrow-adventures.com\/de\/wp-json\/wp\/v2\/pages\/8317","targetHints":{"allow":["GET"]}}],"collection":[{"href":"https:\/\/arrow-adventures.com\/de\/wp-json\/wp\/v2\/pages"}],"about":[{"href":"https:\/\/arrow-adventures.com\/de\/wp-json\/wp\/v2\/types\/page"}],"author":[{"embeddable":true,"href":"https:\/\/arrow-adventures.com\/de\/wp-json\/wp\/v2\/users\/1"}],"replies":[{"embeddable":true,"href":"https:\/\/arrow-adventures.com\/de\/wp-json\/wp\/v2\/comments?post=8317"}],"version-history":[{"count":1,"href":"https:\/\/arrow-adventures.com\/de\/wp-json\/wp\/v2\/pages\/8317\/revisions"}],"predecessor-version":[{"id":8398,"href":"https:\/\/arrow-adventures.com\/de\/wp-json\/wp\/v2\/pages\/8317\/revisions\/8398"}],"wp:featuredmedia":[{"embeddable":true,"href":"https:\/\/arrow-adventures.com\/de\/wp-json\/wp\/v2\/media\/8160"}],"wp:attachment":[{"href":"https:\/\/arrow-adventures.com\/de\/wp-json\/wp\/v2\/media?parent=8317"}],"curies":[{"name":"wp","href":"https:\/\/api.w.org\/{rel}","templated":true}]}}