{"id":8327,"date":"2023-10-20T19:28:18","date_gmt":"2023-10-20T19:28:18","guid":{"rendered":"https:\/\/arrow-adventures.com\/kenia-reisefuehrer\/"},"modified":"2025-06-10T15:01:39","modified_gmt":"2025-06-10T15:01:39","slug":"kenia-reisefuehrer","status":"publish","type":"page","link":"https:\/\/arrow-adventures.com\/de\/kenia-reisefuehrer\/","title":{"rendered":"Kenia Reisef\u00fchrer"},"content":{"rendered":"\n<p>Kenia ist ein ganzj\u00e4hriges Reiseziel f\u00fcr Gesch\u00e4ftsreisende, Abenteurer und Urlauber. Das Land bietet erstaunliche Sichtungen der afrikanischen Tierwelt, einschlie\u00dflich der <a href=\"https:\/\/arrow-adventures.com\/unpacking-the-big-five-of-africa\/\">Big 5 <\/a>und anderer wilder Tiere.<br\/>Es gibt viele Dinge, die bei Reisen nach Kenia unvorhersehbar sind, wie z.B. das Wetter, die Aktivit\u00e4ten der Wildtiere, das Essen usw., die sich alle auf das Serviceniveau auswirken k\u00f6nnen. Abgesehen davon gibt es einige wichtige Tipps, die Sie bei einer Reise nach Kenia beachten sollten. In unserem Kenia-Reisef\u00fchrer finden Sie die wichtigsten Dinge, die Sie einpacken sollten: Aufgeschlossenheit, Geduld und Lust auf Abenteuer.   <\/p>\n\n<h3 class=\"wp-block-heading\">Covid-Protokolle<\/h3>\n\n<p><br\/>Aufgrund der Corona-Pandemie gelten f\u00fcr Reisen in der ganzen Welt andere Regeln. Wenn Sie nach Kenia reisen, ben\u00f6tigen Sie 96 Stunden vor Ihrer Ankunft am Einreisehafen den Nachweis eines negativen COVID-19-Tests. Au\u00dferdem m\u00fcssen Sie gegen Covid-19 geimpft sein.<br\/>A-Reisende m\u00fcssen au\u00dferdem <a href=\"https:\/\/ears.health.go.ke\/airline_registration\/\">das COVID-19 Gesundheits\u00fcberwachungsformular des kenianischen Gesundheitsministeriums online<\/a> ausf\u00fcllen. Dabei handelt es sich um einen Fragebogen zu Ihrem aktuellen Gesundheitszustand in Bezug auf das Coronavirus. Sobald Sie den Online-Fragebogen erfolgreich abgeschickt haben, erhalten Sie einen QR-Code zum Herunterladen. Anschlie\u00dfend k\u00f6nnen Sie ein eVisum beantragen, damit Sie bei Ihrer Ankunft die Einwanderungsbeh\u00f6rde passieren k\u00f6nnen. Auf der <a href=\"http:\/\/evisa.go.ke\/evisa.html\">eVisa-Website k\u00f6nnen Sie Visa f\u00fcr die einmalige Einreise und Transitvisa beantragen .<\/a><br\/>Reisende sollten sich in offenen R\u00e4umen aufhalten und Menschenansammlungen meiden.<br\/>Es ist sehr wichtig, eine Maske zu tragen, und wir stellen sicher, dass im Safarifahrzeug jederzeit Einwegmasken zur Verf\u00fcgung stehen.<br\/>Waschen Sie sich vor und nach dem Essen oder Trinken gr\u00fcndlich die H\u00e4nde mit Wasser und Seife. Wir erinnern die Reisenden regelm\u00e4\u00dfig daran, sich w\u00e4hrend des Essens zu desinfizieren.<br\/>Schlie\u00dflich sollten Sie sich w\u00e4hrend Ihres Aufenthalts in Kenia strikt an die COVID-19-Pr\u00e4ventionsrichtlinien des kenianischen Gesundheitsministeriums (MOH) halten.      <\/p>\n\n<p>Eine Gelbfieberimpfung wird empfohlen und manchmal werden Sie aufgefordert, den Gelbfieberimpfausweis vorzulegen. Malaria ist in Kenia weit verbreitet. Es ist immer ratsam, sich vor der Reise bei Ihrem Arzt \u00fcber die beste Vorbeugung zu informieren.  <\/p>\n\n<h3 class=\"wp-block-heading\">Klima<\/h3>\n\n<p><br\/>Obwohl Kenia in den Tropen liegt, variieren Klima und Temperatur je nach H\u00f6henlage und N\u00e4he zum Ozean. Die K\u00fcstenregionen sind hei\u00df und feucht, w\u00e4hrend die Regionen im Zentrum und im Rift Valley, wo Sie am ehesten eine Safari machen werden, warm und trocken sind und die N\u00e4chte k\u00fchl. <\/p>\n\n<h3 class=\"wp-block-heading\">Kleidung und wichtige Dinge<\/h3>\n\n<p><br\/>Leichte Freizeitkleidung k\u00f6nnen Sie \u00fcberall auf Ihrer Reise tragen. Eine Jacke oder ein Pullover ist f\u00fcr die fr\u00fchen Morgenstunden und die Abende notwendig, da es ein wenig kalt werden kann. Es ist auch ratsam, die Kleidung auf ein Minimum zu beschr\u00e4nken, vor allem w\u00e4hrend einer Safari, und vor allem neutrale Farben zu tragen (khaki, braun und gr\u00fcn). Denken Sie daran, die folgenden wichtigen Dinge einzupacken: Sonnenhut, Sonnenbrille, Sonnenschutzmittel und Insektenschutzmittel. Vergessen Sie nicht, bequeme Wanderschuhe, Badesachen und ein Fernglas einzupacken.<br\/>Die meisten Hotels und Lodges bieten einen W\u00e4scheservice an.   <\/p>\n\n<h3 class=\"wp-block-heading\">Die Menschen und die Sprache<\/h3>\n\n<p><br\/>Kenia ist ein erstaunliches Land mit wunderbaren Menschen. Die meisten Menschen sind sehr freundlich und hilfsbereit. Wenn Sie also um Hilfe bitten m\u00fcssen, k\u00f6nnen Sie das gerne tun. Die Landessprache Kenias ist zwar Kisuaheli, aber Englisch ist die offizielle Sprache und wird in ganz Ostafrika gesprochen und verstanden. Sie werden es zu sch\u00e4tzen wissen, ein paar Swahili-W\u00f6rter wie \u201ejambo\u201c, \u201easante\u201c, \u201ekwaheri\u201c usw. zu lernen.   <\/p>\n\n<h3 class=\"wp-block-heading\">Sicherheit und Schutz<\/h3>\n\n<p><br\/>Wir raten Ihnen, sich an die folgenden einfachen Regeln zu halten:<br\/>Gehen Sie nicht allein in scheinbar menschenleeren Gegenden spazieren, insbesondere in und um die St\u00e4dte. Es ist besser und in der Regel angenehmer, in Begleitung oder in Gruppen zu gehen.<br\/>Tragen Sie keine gro\u00dfen Summen Bargeld in Ihrer Handtasche oder in der Tasche mit sich und zeigen Sie keinen teuren Schmuck. Seien Sie sich der M\u00f6glichkeit von Taschendieben in belebten Gegenden bewusst.  <\/p>\n\n<h3 class=\"wp-block-heading\">Besuch von Wildtiergebieten<\/h3>\n\n<p><br\/>Denken Sie immer daran, dass einige Tiere sich zwar an die Anwesenheit von Menschen gew\u00f6hnt haben, aber immer noch wilde Tiere sind und unberechenbar sein k\u00f6nnen. Halten Sie Abstand.<br\/>Es ist illegal, wilde Tiere zu f\u00fcttern.<br\/>Machen Sie keinen \u00fcberm\u00e4\u00dfigen L\u00e4rm, um die Aufmerksamkeit der Tiere zu erregen, und weichen Sie nicht von den ausgewiesenen Wegen ab, um sie n\u00e4her zu fotografieren.<br\/>Verlassen Sie Ihr Fahrzeug nur an den daf\u00fcr vorgesehenen Stellen.<br\/>Schlie\u00dfen Sie alle Fenster und Rei\u00dfverschl\u00fcsse, wenn Sie Ihr Zimmer oder Zelt verlassen, und spr\u00fchen Sie es mit Insektenschutzmittel ein. <\/p>\n\n<h3 class=\"wp-block-heading\">Fotografie<\/h3>\n\n<p><br\/>Kenia gilt als Paradies f\u00fcr Fotografen, die beeindruckende Naturaufnahmen machen m\u00f6chten. Von Panoramalandschaften, Wildtieren und V\u00f6geln bis hin zu Menschen und lebhaften Zeremonien. Bitte vermeiden Sie es, Menschen zu fotografieren, ohne sie vorher zu fragen.<br\/>Bewahren Sie Ihre Kameras in einer staubgesch\u00fctzten Tasche auf.<br\/>Bitte beachten Sie, dass das Fotografieren von Regierungs- und Milit\u00e4rangeh\u00f6rigen und -einrichtungen verboten ist!<br\/>Wasser<br\/>Trinken Sie nur in Flaschen abgef\u00fclltes Wasser oder gefiltertes Wasser aus den Flaschen, die in den meisten Hotels und Lodges bereitgestellt werden.  <\/p>\n\n<h3 class=\"wp-block-heading\">Unterkunft Einrichtungen<\/h3>\n\n<p><br\/>Die Unterkunftsm\u00f6glichkeiten in Kenia reichen von preiswert bis luxuri\u00f6s. Die Standards und Dienstleistungen variieren von Haus zu Haus. Luxus- und First-Class-Hotels finden Sie in den gro\u00dfen St\u00e4dten und den Strandresorts an der K\u00fcste. Luxuri\u00f6se Lodges befinden sich an exotischen Orten, w\u00e4hrend komfortable Zeltcamps und Lodges in den wichtigsten Wildparks und Reservaten zu finden sind.   <\/p>\n\n<h3 class=\"wp-block-heading\">Banken<\/h3>\n\n<p><br\/>Es gibt zahlreiche Banken in den gr\u00f6\u00dferen St\u00e4dten sowie viele Devisenb\u00fcros. Die Gesch\u00e4ftszeiten variieren von Bank zu Bank, aber die meisten sind montags bis freitags von 9.00 bis 17.00 Uhr und samstags von 9.00 bis 13.00 Uhr ge\u00f6ffnet. Hotels und Lodges tauschen au\u00dferhalb dieser Zeiten Geld um. Bankdienstleistungen sind auch am Jomo Kenyatta International Airport in Nairobi und am Moi International Airport in Mombasa verf\u00fcgbar.   <\/p>\n\n<h3 class=\"wp-block-heading\">W\u00e4hrung<\/h3>\n\n<p><br\/>Die W\u00e4hrungseinheit ist der Schilling, M\u00fcnzen gibt es im Wert von 1, 5, 10, 20 und 40 Schilling. Banknoten gibt es in den St\u00fcckelungen 50, 100, 200, 500 und 1.000 Schilling.<br\/>Internationale Kreditkarten werden von den meisten Restaurants, Gesch\u00e4ften, Hotels, Lodges, Camps, Autovermietungen usw. akzeptiert. Viele kleine Gesch\u00e4fte in l\u00e4ndlichen Gegenden akzeptieren sie jedoch nicht.<br\/>Weitere wichtige Tipps f\u00fcr Reisen nach Kenia erhalten Sie bei <a href=\"https:\/\/arrow-adventures.com\/de\/kontaktieren-sie-uns\/\">Arrow Adventures<\/a>, wo Sie weitere Informationen erhalten.  <\/p>\n","protected":false},"excerpt":{"rendered":"<p>Kenia ist ein ganzj\u00e4hriges Reiseziel f\u00fcr Gesch\u00e4ftsreisende, Abenteurer und Urlauber. Das Land bietet erstaunliche Sichtungen der afrikanischen Tierwelt, einschlie\u00dflich der Big 5 und anderer wilder Tiere.Es gibt viele Dinge, die bei Reisen nach Kenia unvorhersehbar sind, wie z.B. das Wetter, die Aktivit\u00e4ten der Wildtiere, das Essen usw., die sich alle auf das Serviceniveau auswirken k\u00f6nnen. [&hellip;]<\/p>\n","protected":false},"author":1,"featured_media":0,"parent":0,"menu_order":0,"comment_status":"closed","ping_status":"closed","template":"","meta":{"om_disable_all_campaigns":false,"_monsterinsights_skip_tracking":false,"_monsterinsights_sitenote_active":false,"_monsterinsights_sitenote_note":"","_monsterinsights_sitenote_category":0,"_uf_show_specific_survey":0,"_uf_disable_surveys":false,"footnotes":""},"class_list":["post-8327","page","type-page","status-publish","hentry"],"yoast_head":"<!-- This site is optimized with the Yoast SEO plugin v27.4 - https:\/\/yoast.com\/product\/yoast-seo-wordpress\/ -->\n<title>Kenia Reisef\u00fchrer - Kenia Reisetipps - Beste Reisezeit f\u00fcr Kenia<\/title>\n<meta name=\"description\" content=\"Lesen Sie unseren Kenia-Reisef\u00fchrer mit wichtigen Reisetipps und Informationen \u00fcber die beste Reisezeit f\u00fcr Kenia und entdecken Sie den kulturellen Reichtum des Landes.\" \/>\n<meta name=\"robots\" content=\"index, follow, max-snippet:-1, max-image-preview:large, max-video-preview:-1\" \/>\n<link rel=\"canonical\" href=\"https:\/\/arrow-adventures.com\/de\/kenia-reisefuehrer\/\" \/>\n<meta property=\"og:locale\" content=\"de_DE\" \/>\n<meta property=\"og:type\" content=\"article\" \/>\n<meta property=\"og:title\" content=\"Kenia Reisef\u00fchrer - Kenia Reisetipps - Beste Reisezeit f\u00fcr Kenia\" \/>\n<meta property=\"og:description\" content=\"Lesen Sie unseren Kenia-Reisef\u00fchrer mit wichtigen Reisetipps und Informationen \u00fcber die beste Reisezeit f\u00fcr Kenia und entdecken Sie den kulturellen Reichtum des Landes.\" \/>\n<meta property=\"og:url\" content=\"https:\/\/arrow-adventures.com\/de\/kenia-reisefuehrer\/\" \/>\n<meta property=\"og:site_name\" content=\"Arrow Adventures Kenya\" \/>\n<meta property=\"article:publisher\" content=\"https:\/\/www.facebook.com\/arrowadventureske\" \/>\n<meta property=\"article:modified_time\" content=\"2025-06-10T15:01:39+00:00\" \/>\n<meta property=\"og:image\" content=\"https:\/\/arrow-adventures.com\/wp-content\/uploads\/2023\/12\/MG_0853.jpg\" \/>\n\t<meta property=\"og:image:width\" content=\"700\" \/>\n\t<meta property=\"og:image:height\" content=\"500\" \/>\n\t<meta property=\"og:image:type\" content=\"image\/jpeg\" \/>\n<meta name=\"twitter:card\" content=\"summary_large_image\" \/>\n<meta name=\"twitter:site\" content=\"@ArrowadventureK\" \/>\n<meta name=\"twitter:label1\" content=\"Gesch\u00e4tzte Lesezeit\" \/>\n\t<meta name=\"twitter:data1\" content=\"5\u00a0Minuten\" \/>\n<script type=\"application\/ld+json\" class=\"yoast-schema-graph\">{\"@context\":\"https:\\\/\\\/schema.org\",\"@graph\":[{\"@type\":\"WebPage\",\"@id\":\"https:\\\/\\\/arrow-adventures.com\\\/de\\\/kenia-reisefuehrer\\\/\",\"url\":\"https:\\\/\\\/arrow-adventures.com\\\/de\\\/kenia-reisefuehrer\\\/\",\"name\":\"Kenia Reisef\u00fchrer - Kenia Reisetipps - Beste Reisezeit f\u00fcr Kenia\",\"isPartOf\":{\"@id\":\"https:\\\/\\\/arrow-adventures.com\\\/de\\\/#website\"},\"datePublished\":\"2023-10-20T19:28:18+00:00\",\"dateModified\":\"2025-06-10T15:01:39+00:00\",\"description\":\"Lesen Sie unseren Kenia-Reisef\u00fchrer mit wichtigen Reisetipps und Informationen \u00fcber die beste Reisezeit f\u00fcr Kenia und entdecken Sie den kulturellen Reichtum des Landes.\",\"breadcrumb\":{\"@id\":\"https:\\\/\\\/arrow-adventures.com\\\/de\\\/kenia-reisefuehrer\\\/#breadcrumb\"},\"inLanguage\":\"de\",\"potentialAction\":[{\"@type\":\"ReadAction\",\"target\":[\"https:\\\/\\\/arrow-adventures.com\\\/de\\\/kenia-reisefuehrer\\\/\"]}]},{\"@type\":\"BreadcrumbList\",\"@id\":\"https:\\\/\\\/arrow-adventures.com\\\/de\\\/kenia-reisefuehrer\\\/#breadcrumb\",\"itemListElement\":[{\"@type\":\"ListItem\",\"position\":1,\"name\":\"Home\",\"item\":\"https:\\\/\\\/arrow-adventures.com\\\/de\\\/\"},{\"@type\":\"ListItem\",\"position\":2,\"name\":\"Kenia Reisef\u00fchrer\"}]},{\"@type\":\"WebSite\",\"@id\":\"https:\\\/\\\/arrow-adventures.com\\\/de\\\/#website\",\"url\":\"https:\\\/\\\/arrow-adventures.com\\\/de\\\/\",\"name\":\"Arrow Adventures Kenya\",\"description\":\"Kenya Adventure Tour Package\",\"publisher\":{\"@id\":\"https:\\\/\\\/arrow-adventures.com\\\/de\\\/#organization\"},\"potentialAction\":[{\"@type\":\"SearchAction\",\"target\":{\"@type\":\"EntryPoint\",\"urlTemplate\":\"https:\\\/\\\/arrow-adventures.com\\\/de\\\/?s={search_term_string}\"},\"query-input\":{\"@type\":\"PropertyValueSpecification\",\"valueRequired\":true,\"valueName\":\"search_term_string\"}}],\"inLanguage\":\"de\"},{\"@type\":\"Organization\",\"@id\":\"https:\\\/\\\/arrow-adventures.com\\\/de\\\/#organization\",\"name\":\"Pfeil-Abenteuer Kenia\",\"url\":\"https:\\\/\\\/arrow-adventures.com\\\/de\\\/\",\"logo\":{\"@type\":\"ImageObject\",\"inLanguage\":\"de\",\"@id\":\"https:\\\/\\\/arrow-adventures.com\\\/de\\\/#\\\/schema\\\/logo\\\/image\\\/\",\"url\":\"\",\"contentUrl\":\"\",\"caption\":\"Pfeil-Abenteuer Kenia\"},\"image\":{\"@id\":\"https:\\\/\\\/arrow-adventures.com\\\/de\\\/#\\\/schema\\\/logo\\\/image\\\/\"},\"sameAs\":[\"https:\\\/\\\/www.facebook.com\\\/arrowadventureske\",\"https:\\\/\\\/x.com\\\/ArrowadventureK\",\"https:\\\/\\\/www.instagram.com\\\/arrowadventures_ke\\\/\"]}]}<\/script>\n<!-- \/ Yoast SEO plugin. -->","yoast_head_json":{"title":"Kenia Reisef\u00fchrer - Kenia Reisetipps - Beste Reisezeit f\u00fcr Kenia","description":"Lesen Sie unseren Kenia-Reisef\u00fchrer mit wichtigen Reisetipps und Informationen \u00fcber die beste Reisezeit f\u00fcr Kenia und entdecken Sie den kulturellen Reichtum des Landes.","robots":{"index":"index","follow":"follow","max-snippet":"max-snippet:-1","max-image-preview":"max-image-preview:large","max-video-preview":"max-video-preview:-1"},"canonical":"https:\/\/arrow-adventures.com\/de\/kenia-reisefuehrer\/","og_locale":"de_DE","og_type":"article","og_title":"Kenia Reisef\u00fchrer - Kenia Reisetipps - Beste Reisezeit f\u00fcr Kenia","og_description":"Lesen Sie unseren Kenia-Reisef\u00fchrer mit wichtigen Reisetipps und Informationen \u00fcber die beste Reisezeit f\u00fcr Kenia und entdecken Sie den kulturellen Reichtum des Landes.","og_url":"https:\/\/arrow-adventures.com\/de\/kenia-reisefuehrer\/","og_site_name":"Arrow Adventures Kenya","article_publisher":"https:\/\/www.facebook.com\/arrowadventureske","article_modified_time":"2025-06-10T15:01:39+00:00","og_image":[{"width":700,"height":500,"url":"https:\/\/arrow-adventures.com\/wp-content\/uploads\/2023\/12\/MG_0853.jpg","type":"image\/jpeg"}],"twitter_card":"summary_large_image","twitter_site":"@ArrowadventureK","twitter_misc":{"Gesch\u00e4tzte Lesezeit":"5\u00a0Minuten"},"schema":{"@context":"https:\/\/schema.org","@graph":[{"@type":"WebPage","@id":"https:\/\/arrow-adventures.com\/de\/kenia-reisefuehrer\/","url":"https:\/\/arrow-adventures.com\/de\/kenia-reisefuehrer\/","name":"Kenia Reisef\u00fchrer - Kenia Reisetipps - Beste Reisezeit f\u00fcr Kenia","isPartOf":{"@id":"https:\/\/arrow-adventures.com\/de\/#website"},"datePublished":"2023-10-20T19:28:18+00:00","dateModified":"2025-06-10T15:01:39+00:00","description":"Lesen Sie unseren Kenia-Reisef\u00fchrer mit wichtigen Reisetipps und Informationen \u00fcber die beste Reisezeit f\u00fcr Kenia und entdecken Sie den kulturellen Reichtum des Landes.","breadcrumb":{"@id":"https:\/\/arrow-adventures.com\/de\/kenia-reisefuehrer\/#breadcrumb"},"inLanguage":"de","potentialAction":[{"@type":"ReadAction","target":["https:\/\/arrow-adventures.com\/de\/kenia-reisefuehrer\/"]}]},{"@type":"BreadcrumbList","@id":"https:\/\/arrow-adventures.com\/de\/kenia-reisefuehrer\/#breadcrumb","itemListElement":[{"@type":"ListItem","position":1,"name":"Home","item":"https:\/\/arrow-adventures.com\/de\/"},{"@type":"ListItem","position":2,"name":"Kenia Reisef\u00fchrer"}]},{"@type":"WebSite","@id":"https:\/\/arrow-adventures.com\/de\/#website","url":"https:\/\/arrow-adventures.com\/de\/","name":"Arrow Adventures Kenya","description":"Kenya Adventure Tour Package","publisher":{"@id":"https:\/\/arrow-adventures.com\/de\/#organization"},"potentialAction":[{"@type":"SearchAction","target":{"@type":"EntryPoint","urlTemplate":"https:\/\/arrow-adventures.com\/de\/?s={search_term_string}"},"query-input":{"@type":"PropertyValueSpecification","valueRequired":true,"valueName":"search_term_string"}}],"inLanguage":"de"},{"@type":"Organization","@id":"https:\/\/arrow-adventures.com\/de\/#organization","name":"Pfeil-Abenteuer Kenia","url":"https:\/\/arrow-adventures.com\/de\/","logo":{"@type":"ImageObject","inLanguage":"de","@id":"https:\/\/arrow-adventures.com\/de\/#\/schema\/logo\/image\/","url":"","contentUrl":"","caption":"Pfeil-Abenteuer Kenia"},"image":{"@id":"https:\/\/arrow-adventures.com\/de\/#\/schema\/logo\/image\/"},"sameAs":["https:\/\/www.facebook.com\/arrowadventureske","https:\/\/x.com\/ArrowadventureK","https:\/\/www.instagram.com\/arrowadventures_ke\/"]}]}},"_links":{"self":[{"href":"https:\/\/arrow-adventures.com\/de\/wp-json\/wp\/v2\/pages\/8327","targetHints":{"allow":["GET"]}}],"collection":[{"href":"https:\/\/arrow-adventures.com\/de\/wp-json\/wp\/v2\/pages"}],"about":[{"href":"https:\/\/arrow-adventures.com\/de\/wp-json\/wp\/v2\/types\/page"}],"author":[{"embeddable":true,"href":"https:\/\/arrow-adventures.com\/de\/wp-json\/wp\/v2\/users\/1"}],"replies":[{"embeddable":true,"href":"https:\/\/arrow-adventures.com\/de\/wp-json\/wp\/v2\/comments?post=8327"}],"version-history":[{"count":3,"href":"https:\/\/arrow-adventures.com\/de\/wp-json\/wp\/v2\/pages\/8327\/revisions"}],"predecessor-version":[{"id":8346,"href":"https:\/\/arrow-adventures.com\/de\/wp-json\/wp\/v2\/pages\/8327\/revisions\/8346"}],"wp:attachment":[{"href":"https:\/\/arrow-adventures.com\/de\/wp-json\/wp\/v2\/media?parent=8327"}],"curies":[{"name":"wp","href":"https:\/\/api.w.org\/{rel}","templated":true}]}}